{"id":1571,"date":"2022-11-11T09:01:10","date_gmt":"2022-11-11T09:01:10","guid":{"rendered":"https:\/\/www.italyhome.it\/%d0%be%d1%82%d0%b7%d1%8b%d0%b2%d1%8b\/"},"modified":"2023-02-15T15:42:27","modified_gmt":"2023-02-15T15:42:27","slug":"%d0%be%d1%82%d0%b7%d1%8b%d0%b2%d1%8b","status":"publish","type":"page","link":"https:\/\/www.italyhome.it\/ru\/%d0%be%d1%82%d0%b7%d1%8b%d0%b2%d1%8b\/","title":{"rendered":"\u041e\u0442\u0437\u044b\u0432\u044b"},"content":{"rendered":"\t\t<div data-elementor-type=\"wp-page\" data-elementor-id=\"1571\" class=\"elementor elementor-1571 elementor-29\">\n\t\t\t\t\t\t\t<div class=\"elementor-element elementor-element-b815c8b e-con-full e-con\" data-id=\"b815c8b\" data-element_type=\"container\" data-settings=\"{&quot;content_width&quot;:&quot;full&quot;,&quot;background_background&quot;:&quot;classic&quot;}\">\n\t\t\t\t<div class=\"elementor-element elementor-element-041223e elementor-widget elementor-widget-heading\" data-id=\"041223e\" data-element_type=\"widget\" data-widget_type=\"heading.default\">\n\t\t\t\t<div class=\"elementor-widget-container\">\n\t\t\t<style>\/*! elementor - v3.11.0 - 13-02-2023 *\/\n.elementor-heading-title{padding:0;margin:0;line-height:1}.elementor-widget-heading .elementor-heading-title[class*=elementor-size-]>a{color:inherit;font-size:inherit;line-height:inherit}.elementor-widget-heading .elementor-heading-title.elementor-size-small{font-size:15px}.elementor-widget-heading .elementor-heading-title.elementor-size-medium{font-size:19px}.elementor-widget-heading .elementor-heading-title.elementor-size-large{font-size:29px}.elementor-widget-heading .elementor-heading-title.elementor-size-xl{font-size:39px}.elementor-widget-heading .elementor-heading-title.elementor-size-xxl{font-size:59px}<\/style><h1 class=\"elementor-heading-title elementor-size-default\">\u041e\u0442\u0437\u044b\u0432\u044b<\/h1>\t\t<\/div>\n\t\t\t\t<\/div>\n\t\t\t\t<div class=\"elementor-element elementor-element-f5d4129 elementor-widget elementor-widget-heading\" data-id=\"f5d4129\" data-element_type=\"widget\" data-widget_type=\"heading.default\">\n\t\t\t\t<div class=\"elementor-widget-container\">\n\t\t\t<p class=\"elementor-heading-title elementor-size-default\">\u041e\u0442\u0437\u044b\u0432\u044b \u043d\u0430\u0448\u0438\u0445 \u043a\u043b\u0438\u0435\u043d\u0442\u043e\u0432<\/p>\t\t<\/div>\n\t\t\t\t<\/div>\n\t\t\t\t<div class=\"elementor-element elementor-element-0b468bf elementor-widget elementor-widget-breadcrumbs\" data-id=\"0b468bf\" data-element_type=\"widget\" data-widget_type=\"breadcrumbs.default\">\n\t\t\t\t<div class=\"elementor-widget-container\">\n\t\t\t<link rel=\"stylesheet\" href=\"https:\/\/www.italyhome.it\/wp-content\/plugins\/elementor-pro\/assets\/css\/widget-theme-elements.min.css\"><nav id=\"breadcrumbs\"><span><span><a href=\"https:\/\/www.italyhome.it\/ru\/\">\u0433\u043b\u0430\u0432\u043d\u0430\u044f<\/a><\/span><\/span><\/nav>\t\t<\/div>\n\t\t\t\t<\/div>\n\t\t\t\t<\/div>\n\t\t<div class=\"elementor-element elementor-element-86fe5a7 e-con-full e-con\" data-id=\"86fe5a7\" data-element_type=\"container\" data-settings=\"{&quot;content_width&quot;:&quot;full&quot;}\">\n\t\t\t\t<div class=\"elementor-element elementor-element-6c6b09b elementor-widget elementor-widget-shortcode\" data-id=\"6c6b09b\" data-element_type=\"widget\" data-widget_type=\"shortcode.default\">\n\t\t\t\t<div class=\"elementor-widget-container\">\n\t\t\t\t\t<div class=\"elementor-shortcode\"><div class=\"ti-widget ti-no-profile-img ti-goog\" data-layout-id=\"36\" data-set-id=\"ligth-border-3d-large\" data-pid=\"b5167179c03e50ec942cb\" data-pager-autoplay-timeout=\"6\" > <div class=\"ti-widget-container ti-col-3\"> <div class=\"ti-reviews-container\"> <div class=\"ti-controls\"> <div class=\"ti-next\"><\/div> <div class=\"ti-prev\"><\/div> <\/div> <div class=\"ti-reviews-container-wrapper\">  <div data-empty=\"0\" class=\"ti-review-item source-Google\" > <div class=\"ti-inner\"> <div class=\"ti-review-header\">  <div class=\"ti-profile-details\"> <div class=\"ti-name\"> Giovanna Bertolotti <\/div> <div class=\"ti-date\">2021-01-18<\/div> <\/div> <\/div> <span class=\"ti-stars\"><span class=\"ti-star f\"><\/span><span class=\"ti-star f\"><\/span><span class=\"ti-star f\"><\/span><span class=\"ti-star f\"><\/span><span class=\"ti-star f\"><\/span><\/span> <div class=\"ti-review-content\"><!-- R-CONTENT -->Carinissime e competenti. Gli immobili proposti sono frutto di una scelta accurata.<!-- R-CONTENT --><\/div> <span class=\"ti-read-more\" data-container=\".ti-review-content\" data-collapse-text=\"Nascondere\" data-open-text=\"Leggi di pi\u00f9\"><\/span> <\/div> <\/div>  <div data-empty=\"0\" class=\"ti-review-item source-Google\" > <div class=\"ti-inner\"> <div class=\"ti-review-header\">  <div class=\"ti-profile-details\"> <div class=\"ti-name\"> Silvia Girolami <\/div> <div class=\"ti-date\">2020-11-03<\/div> <\/div> <\/div> <span class=\"ti-stars\"><span class=\"ti-star f\"><\/span><span class=\"ti-star f\"><\/span><span class=\"ti-star f\"><\/span><span class=\"ti-star f\"><\/span><span class=\"ti-star f\"><\/span><\/span> <div class=\"ti-review-content\"><!-- R-CONTENT -->Agenzia immobiliare fortemente raccomandata per la professionalit\u00e0, la gentilezza, la capacit\u00e0 di venire incontro al cliente e comprendere le sue esigenze e priorit\u00e0. Risposte sempre in tempi brevi, esaustive e molto affidabili. Velocit\u00e0 nel soddisfare ci\u00f2 che si concorda. Grande esperienza e capacit\u00e0 nel selezionare la clientela, sia nell'offerta che nella domanda. Assolutamente consigliata!<!-- R-CONTENT --><\/div> <span class=\"ti-read-more\" data-container=\".ti-review-content\" data-collapse-text=\"Nascondere\" data-open-text=\"Leggi di pi\u00f9\"><\/span> <\/div> <\/div>  <div data-empty=\"0\" class=\"ti-review-item source-Google\" > <div class=\"ti-inner\"> <div class=\"ti-review-header\">  <div class=\"ti-profile-details\"> <div class=\"ti-name\"> Annamaria Mainetti <\/div> <div class=\"ti-date\">2020-11-03<\/div> <\/div> <\/div> <span class=\"ti-stars\"><span class=\"ti-star f\"><\/span><span class=\"ti-star f\"><\/span><span class=\"ti-star f\"><\/span><span class=\"ti-star f\"><\/span><span class=\"ti-star f\"><\/span><\/span> <div class=\"ti-review-content\"><!-- R-CONTENT -->\u00c8 una delle poche agenzie che ancora segue davvero i clienti con cura e in modo personalizzato ossia ti aiuta a trovare l'inquilino o la casa pi\u00f9 adatta a te.Da tanti anni per questo motivo mi rivolgo solo a loro<!-- R-CONTENT --><\/div> <span class=\"ti-read-more\" data-container=\".ti-review-content\" data-collapse-text=\"Nascondere\" data-open-text=\"Leggi di pi\u00f9\"><\/span> <\/div> <\/div>  <div data-empty=\"0\" class=\"ti-review-item source-Google\" > <div class=\"ti-inner\"> <div class=\"ti-review-header\">  <div class=\"ti-profile-details\"> <div class=\"ti-name\"> sebastiano carrubba <\/div> <div class=\"ti-date\">2019-12-08<\/div> <\/div> <\/div> <span class=\"ti-stars\"><span class=\"ti-star f\"><\/span><span class=\"ti-star f\"><\/span><span class=\"ti-star f\"><\/span><span class=\"ti-star f\"><\/span><span class=\"ti-star f\"><\/span><\/span> <div class=\"ti-review-content\"><!-- R-CONTENT -->Personale preparatissimo, professionale ed altamente affidabile. Hanno capito esattamente le mie aspettative ed hanno operato discretamente, rapidamente, superandole di gran lunga. Sono estremamente soddisfatto del servizio fornito. Difficilissimo trovarne di simili a Milano. Il personale tutto al femminile \u00e8 sicuramente la marcia in pi\u00f9 per questa azienda. Ben fatto, grazie!<!-- R-CONTENT --><\/div> <span class=\"ti-read-more\" data-container=\".ti-review-content\" data-collapse-text=\"Nascondere\" data-open-text=\"Leggi di pi\u00f9\"><\/span> <\/div> <\/div>  <div data-empty=\"0\" class=\"ti-review-item source-Google\" > <div class=\"ti-inner\"> <div class=\"ti-review-header\">  <div class=\"ti-profile-details\"> <div class=\"ti-name\"> Giuseppe Capozzi <\/div> <div class=\"ti-date\">2019-12-07<\/div> <\/div> <\/div> <span class=\"ti-stars\"><span class=\"ti-star f\"><\/span><span class=\"ti-star f\"><\/span><span class=\"ti-star f\"><\/span><span class=\"ti-star f\"><\/span><span class=\"ti-star f\"><\/span><\/span> <div class=\"ti-review-content\"><!-- R-CONTENT -->La Signora Natalya Ushakova, responsabile dell'agenzia, e il suo staff ci hanno assistito con competenza, puntualit\u00e0 e assiduit\u00e0 in una compravendita immobiliare dopo che avevamo avuto modo di constatarne le capacit\u00e0 in altra precedente occasione.\nConsiglio a chiunque intenda comprare, vendere o locare casa a Milano e, nella fattispecie, a Porta Venezia di affidarsi alla indiscutibile professionalit\u00e0 dell'agenzia Italy Home.<!-- R-CONTENT --><\/div> <span class=\"ti-read-more\" data-container=\".ti-review-content\" data-collapse-text=\"Nascondere\" data-open-text=\"Leggi di pi\u00f9\"><\/span> <\/div> <\/div>  <div data-empty=\"0\" class=\"ti-review-item source-Google\" > <div class=\"ti-inner\"> <div class=\"ti-review-header\">  <div class=\"ti-profile-details\"> <div class=\"ti-name\"> MARCO MOLLE <\/div> <div class=\"ti-date\">2019-08-07<\/div> <\/div> <\/div> <span class=\"ti-stars\"><span class=\"ti-star f\"><\/span><span class=\"ti-star f\"><\/span><span class=\"ti-star f\"><\/span><span class=\"ti-star f\"><\/span><span class=\"ti-star f\"><\/span><\/span> <div class=\"ti-review-content\"><!-- R-CONTENT -->In meno di tre anni mi sono rivolto ad Italy Home per ben due volte, con ottimi risultati ed un livello di soddisfazione estremamente elevato sin dal primo contatto. Natalya e le sue Ragazze si distinguono per cortesia, flessibilit\u00e0, riservatezza, rispetto costante delle procedure, assenza di approssimazione, forte orientamento al risultato ed alla gratificazione del cliente. Un'azienda destinata a crescere velocemente, un solido punto di riferimento nel mercato immobiliare di Milano.<!-- R-CONTENT --><\/div> <span class=\"ti-read-more\" data-container=\".ti-review-content\" data-collapse-text=\"Nascondere\" data-open-text=\"Leggi di pi\u00f9\"><\/span> <\/div> <\/div>  <\/div> <div class=\"ti-controls-dots\"> <div class=\"dot active\"><\/div> <\/div> <\/div> <div class=\"ti-footer\">  <\/div> <\/div> <\/div><\/div>\n\t\t\t\t<\/div>\n\t\t\t\t<\/div>\n\t\t\t\t<\/div>\n\t\t\t\t\t\t\t<\/div>\n\t\t","protected":false},"excerpt":{"rendered":"<p>\u041e\u0442\u0437\u044b\u0432\u044b \u041e\u0442\u0437\u044b\u0432\u044b \u043d\u0430\u0448\u0438\u0445 \u043a\u043b\u0438\u0435\u043d\u0442\u043e\u0432<\/p>\n","protected":false},"author":1,"featured_media":0,"parent":0,"menu_order":0,"comment_status":"closed","ping_status":"closed","template":"","meta":{"footnotes":""},"class_list":["post-1571","page","type-page","status-publish","hentry"],"acf":[],"yoast_head":"<!-- This site is optimized with the Yoast SEO plugin v19.14 - https:\/\/yoast.com\/wordpress\/plugins\/seo\/ -->\n<title>\u041e\u0442\u0437\u044b\u0432\u044b - Italy Home Real Estate<\/title>\n<meta name=\"robots\" content=\"index, follow, max-snippet:-1, max-image-preview:large, max-video-preview:-1\" \/>\n<link rel=\"canonical\" href=\"https:\/\/www.italyhome.it\/ru\/%d0%be%d1%82%d0%b7%d1%8b%d0%b2%d1%8b\/\" \/>\n<meta property=\"og:locale\" content=\"ru_RU\" \/>\n<meta property=\"og:type\" content=\"article\" \/>\n<meta property=\"og:title\" content=\"\u041e\u0442\u0437\u044b\u0432\u044b - Italy Home Real Estate\" \/>\n<meta property=\"og:description\" content=\"\u041e\u0442\u0437\u044b\u0432\u044b \u041e\u0442\u0437\u044b\u0432\u044b \u043d\u0430\u0448\u0438\u0445 \u043a\u043b\u0438\u0435\u043d\u0442\u043e\u0432\" \/>\n<meta property=\"og:url\" content=\"https:\/\/www.italyhome.it\/ru\/%d0%be%d1%82%d0%b7%d1%8b%d0%b2%d1%8b\/\" \/>\n<meta property=\"og:site_name\" content=\"Italy Home Real Estate\" \/>\n<meta property=\"article:modified_time\" content=\"2023-02-15T15:42:27+00:00\" \/>\n<meta name=\"twitter:card\" content=\"summary_large_image\" \/>\n<script type=\"application\/ld+json\" class=\"yoast-schema-graph\">{\"@context\":\"https:\/\/schema.org\",\"@graph\":[{\"@type\":\"WebPage\",\"@id\":\"https:\/\/www.italyhome.it\/ru\/%d0%be%d1%82%d0%b7%d1%8b%d0%b2%d1%8b\/\",\"url\":\"https:\/\/www.italyhome.it\/ru\/%d0%be%d1%82%d0%b7%d1%8b%d0%b2%d1%8b\/\",\"name\":\"\u041e\u0442\u0437\u044b\u0432\u044b - Italy Home Real Estate\",\"isPartOf\":{\"@id\":\"https:\/\/www.italyhome.it\/ru\/#website\"},\"datePublished\":\"2022-11-11T09:01:10+00:00\",\"dateModified\":\"2023-02-15T15:42:27+00:00\",\"breadcrumb\":{\"@id\":\"https:\/\/www.italyhome.it\/ru\/%d0%be%d1%82%d0%b7%d1%8b%d0%b2%d1%8b\/#breadcrumb\"},\"inLanguage\":\"ru-RU\",\"potentialAction\":[{\"@type\":\"ReadAction\",\"target\":[\"https:\/\/www.italyhome.it\/ru\/%d0%be%d1%82%d0%b7%d1%8b%d0%b2%d1%8b\/\"]}]},{\"@type\":\"BreadcrumbList\",\"@id\":\"https:\/\/www.italyhome.it\/ru\/%d0%be%d1%82%d0%b7%d1%8b%d0%b2%d1%8b\/#breadcrumb\",\"itemListElement\":[{\"@type\":\"ListItem\",\"position\":1,\"name\":\"\u0433\u043b\u0430\u0432\u043d\u0430\u044f\",\"item\":\"https:\/\/www.italyhome.it\/ru\/\"},{\"@type\":\"ListItem\",\"position\":2,\"name\":\"\u041e\u0442\u0437\u044b\u0432\u044b\"}]},{\"@type\":\"WebSite\",\"@id\":\"https:\/\/www.italyhome.it\/ru\/#website\",\"url\":\"https:\/\/www.italyhome.it\/ru\/\",\"name\":\"Italy Home Real Estate\",\"description\":\"Agenzia Immobiliare Immobili di Prestigio\",\"potentialAction\":[{\"@type\":\"SearchAction\",\"target\":{\"@type\":\"EntryPoint\",\"urlTemplate\":\"https:\/\/www.italyhome.it\/ru\/?s={search_term_string}\"},\"query-input\":\"required name=search_term_string\"}],\"inLanguage\":\"ru-RU\"}]}<\/script>\n<!-- \/ Yoast SEO plugin. -->","yoast_head_json":{"title":"\u041e\u0442\u0437\u044b\u0432\u044b - Italy Home Real Estate","robots":{"index":"index","follow":"follow","max-snippet":"max-snippet:-1","max-image-preview":"max-image-preview:large","max-video-preview":"max-video-preview:-1"},"canonical":"https:\/\/www.italyhome.it\/ru\/%d0%be%d1%82%d0%b7%d1%8b%d0%b2%d1%8b\/","og_locale":"ru_RU","og_type":"article","og_title":"\u041e\u0442\u0437\u044b\u0432\u044b - Italy Home Real Estate","og_description":"\u041e\u0442\u0437\u044b\u0432\u044b \u041e\u0442\u0437\u044b\u0432\u044b \u043d\u0430\u0448\u0438\u0445 \u043a\u043b\u0438\u0435\u043d\u0442\u043e\u0432","og_url":"https:\/\/www.italyhome.it\/ru\/%d0%be%d1%82%d0%b7%d1%8b%d0%b2%d1%8b\/","og_site_name":"Italy Home Real Estate","article_modified_time":"2023-02-15T15:42:27+00:00","twitter_card":"summary_large_image","schema":{"@context":"https:\/\/schema.org","@graph":[{"@type":"WebPage","@id":"https:\/\/www.italyhome.it\/ru\/%d0%be%d1%82%d0%b7%d1%8b%d0%b2%d1%8b\/","url":"https:\/\/www.italyhome.it\/ru\/%d0%be%d1%82%d0%b7%d1%8b%d0%b2%d1%8b\/","name":"\u041e\u0442\u0437\u044b\u0432\u044b - Italy Home Real Estate","isPartOf":{"@id":"https:\/\/www.italyhome.it\/ru\/#website"},"datePublished":"2022-11-11T09:01:10+00:00","dateModified":"2023-02-15T15:42:27+00:00","breadcrumb":{"@id":"https:\/\/www.italyhome.it\/ru\/%d0%be%d1%82%d0%b7%d1%8b%d0%b2%d1%8b\/#breadcrumb"},"inLanguage":"ru-RU","potentialAction":[{"@type":"ReadAction","target":["https:\/\/www.italyhome.it\/ru\/%d0%be%d1%82%d0%b7%d1%8b%d0%b2%d1%8b\/"]}]},{"@type":"BreadcrumbList","@id":"https:\/\/www.italyhome.it\/ru\/%d0%be%d1%82%d0%b7%d1%8b%d0%b2%d1%8b\/#breadcrumb","itemListElement":[{"@type":"ListItem","position":1,"name":"\u0433\u043b\u0430\u0432\u043d\u0430\u044f","item":"https:\/\/www.italyhome.it\/ru\/"},{"@type":"ListItem","position":2,"name":"\u041e\u0442\u0437\u044b\u0432\u044b"}]},{"@type":"WebSite","@id":"https:\/\/www.italyhome.it\/ru\/#website","url":"https:\/\/www.italyhome.it\/ru\/","name":"Italy Home Real Estate","description":"Agenzia Immobiliare Immobili di Prestigio","potentialAction":[{"@type":"SearchAction","target":{"@type":"EntryPoint","urlTemplate":"https:\/\/www.italyhome.it\/ru\/?s={search_term_string}"},"query-input":"required name=search_term_string"}],"inLanguage":"ru-RU"}]}},"_links":{"self":[{"href":"https:\/\/www.italyhome.it\/ru\/wp-json\/wp\/v2\/pages\/1571","targetHints":{"allow":["GET"]}}],"collection":[{"href":"https:\/\/www.italyhome.it\/ru\/wp-json\/wp\/v2\/pages"}],"about":[{"href":"https:\/\/www.italyhome.it\/ru\/wp-json\/wp\/v2\/types\/page"}],"author":[{"embeddable":true,"href":"https:\/\/www.italyhome.it\/ru\/wp-json\/wp\/v2\/users\/1"}],"replies":[{"embeddable":true,"href":"https:\/\/www.italyhome.it\/ru\/wp-json\/wp\/v2\/comments?post=1571"}],"version-history":[{"count":1,"href":"https:\/\/www.italyhome.it\/ru\/wp-json\/wp\/v2\/pages\/1571\/revisions"}],"predecessor-version":[{"id":1572,"href":"https:\/\/www.italyhome.it\/ru\/wp-json\/wp\/v2\/pages\/1571\/revisions\/1572"}],"wp:attachment":[{"href":"https:\/\/www.italyhome.it\/ru\/wp-json\/wp\/v2\/media?parent=1571"}],"curies":[{"name":"wp","href":"https:\/\/api.w.org\/{rel}","templated":true}]}}